{"id":1916,"date":"2020-07-29T14:21:46","date_gmt":"2020-07-29T12:21:46","guid":{"rendered":"http:\/\/tmfop.com\/organisateur-transport-routier-europe\/"},"modified":"2024-05-28T10:59:06","modified_gmt":"2024-05-28T08:59:06","slug":"europe-road-transport-organiser","status":"publish","type":"page","link":"https:\/\/tmfop.com\/en\/europe-road-transport-organiser\/","title":{"rendered":"About us"},"content":{"rendered":"<div class=\"wpb-content-wrapper\"><p>[vc_row css_animation=&#8221;&#8221; row_type=&#8221;row&#8221; use_row_as_full_screen_section=&#8221;no&#8221; type=&#8221;grid&#8221; angled_section=&#8221;no&#8221; text_align=&#8221;left&#8221; background_image_as_pattern=&#8221;without_pattern&#8221; z_index=&#8221;&#8221; background_image=&#8221;1725&#8243; el_class=&#8221;overlay_dark shapebottom headpage&#8221;][vc_column width=&#8221;7\/12&#8243;][vc_column_text el_class=&#8221;white&#8221;]<span class=\"small_title\">About TMFOP<\/span><\/p>\n<h1>Organising road transport across France and Europe<\/h1>\n<p>TMFOP is a freight forwarder that combines its expertise in road freight transport with new digital solutions to achieve better operational efficiency.[\/vc_column_text][\/vc_column][\/vc_row][vc_row css_animation=&#8221;&#8221; row_type=&#8221;row&#8221; use_row_as_full_screen_section=&#8221;no&#8221; type=&#8221;grid&#8221; angled_section=&#8221;no&#8221; text_align=&#8221;left&#8221; background_image_as_pattern=&#8221;without_pattern&#8221; z_index=&#8221;&#8221; el_class=&#8221;pb2&#8243;][vc_column css_animation=&#8221;none&#8221; width=&#8221;1\/2&#8243; el_class=&#8221;krack_illu_hands right_section&#8221;][vc_single_image image=&#8221;1831&#8243; img_size=&#8221;full&#8221; alignment=&#8221;center&#8221; qode_css_animation=&#8221;&#8221;][\/vc_column][vc_column width=&#8221;1\/2&#8243; el_class=&#8221;mt4&#8243;][vc_column_text el_class=&#8221;mt2&#8243;]<\/p>\n<h2>Strength in numbers<\/h2>\n<p>TMFOP relies on a group that brings together more than 600 collaborators across 200,000m2 of logistics platforms in France and Belgium. This environment provides organisational and financial stability that has allowed TMFOP to rapidly expand its business within the road transport market for palletised goods in France and Europe.[\/vc_column_text][\/vc_column][vc_column el_class=&#8221;mt4&#8243;][vc_column_text el_class=&#8221;pb4&#8243;]<\/p>\n<h2>S\u00e9curiser, optimiser et d\u00e9carboner le transport routier<\/h2>\n<p>TMFOP signifie \u00ab Transport Managed For Our Partners \u00bb. Nous s\u00e9curisons les supply chains des grands donneurs d\u2019ordres. Au quotidien, nous planifions, contr\u00f4lons et administrons un tr\u00e8s grand nombre de flux routiers dans des secteurs comme l\u2019e-commerce, la distribution ou les produits de grande consommation.[\/vc_column_text][\/vc_column][\/vc_row][vc_row css_animation=&#8221;&#8221; row_type=&#8221;row&#8221; use_row_as_full_screen_section=&#8221;no&#8221; type=&#8221;grid&#8221; angled_section=&#8221;no&#8221; text_align=&#8221;left&#8221; background_image_as_pattern=&#8221;without_pattern&#8221; z_index=&#8221;&#8221; el_class=&#8221;pt18 shapetop pb4 a_propos&#8221; background_image=&#8221;1244&#8243; background_color=&#8221;#00b0e7&#8243;][vc_column css_animation=&#8221;fadeInUp&#8221; width=&#8221;5\/12&#8243; el_class=&#8221;mb6 bluebox white mtn16&#8243;][vc_column_text css=&#8221;.vc_custom_1616435837924{margin-bottom: 20px !important;}&#8221;]<\/p>\n<h2>An innovative transport solution<\/h2>\n<p>Beyond operational performance, which is a prime objective, traceability and real-time monitoring have become major challenges when it comes to organising transport operations. TMFOP relies on its teams\u2019 expertise and on technology developed in-house to face these challenges head-on.[\/vc_column_text]<a  itemprop=\"url\" href=\"\/en\/palletised-goods-transport\/\" target=\"_self\"  class=\"qbutton  default mt2\" style=\"\">Our solutions<\/a>[\/vc_column][\/vc_row][vc_row css_animation=&#8221;&#8221; row_type=&#8221;row&#8221; use_row_as_full_screen_section=&#8221;no&#8221; type=&#8221;grid&#8221; angled_section=&#8221;no&#8221; text_align=&#8221;left&#8221; background_image_as_pattern=&#8221;without_pattern&#8221; z_index=&#8221;&#8221; el_class=&#8221;pt8 pb4 custom_img&#8221;][vc_column css_animation=&#8221;fadeIn&#8221; width=&#8221;1\/2&#8243; offset=&#8221;vc_col-lg-offset-3&#8243;][vc_single_image image=&#8221;1860&#8243; img_size=&#8221;full&#8221; alignment=&#8221;center&#8221; qode_css_animation=&#8221;&#8221;][\/vc_column][vc_column el_class=&#8221;pt4&#8243;][vc_column_text el_class=&#8221;align_center pt2&#8243;]<\/p>\n<h2><span style=\"color: #00b0e7;\">Our commitments<\/span><\/h2>\n<p>[\/vc_column_text]<div class=\"qode-workflow workflow_krack qode-workflow-animate\">\n    <span class=\"main-line\" style=\"background-color:#00b0e7;\"><\/span>\n    <div class=\"qode-workflow-item\">\n    <span class=\"line\" style=\"background-color:#00b0e7;\"><\/span>\n    <div class=\"qode-workflow-item-inner \">\n        <div class=\"qode-workflow-image center\">\n            <img decoding=\"async\" width=\"400\" height=\"400\" src=\"https:\/\/tmfop.com\/wp-content\/uploads\/2020\/12\/Pictogramme-qualite-service-transport.png\" class=\"attachment-full size-full\" alt=\"service de transport\" srcset=\"https:\/\/tmfop.com\/wp-content\/uploads\/2020\/12\/Pictogramme-qualite-service-transport.png 400w, https:\/\/tmfop.com\/wp-content\/uploads\/2020\/12\/Pictogramme-qualite-service-transport-300x300.png 300w, https:\/\/tmfop.com\/wp-content\/uploads\/2020\/12\/Pictogramme-qualite-service-transport-150x150.png 150w\" sizes=\"(max-width: 400px) 100vw, 400px\" \/>        <\/div>\n        <div class=\"qode-workflow-text\">\n            <span class=\"circle\" style=\"border-color:#00b0e7;background-color:#00b0e7;\"><\/span>\n                            <h3>Quality<\/h3>\n                                                    <p class=\"text\">Nous sommes vigilants sur la qualit\u00e9 tant au niveau des prestations que des processus organisationnels internes pour assurer un niveau \u00e9lev\u00e9 d\u2019exigence. Nous sommes ISO 9001.<\/p>\n                    <\/div>\n    <\/div>\n<\/div><div class=\"qode-workflow-item\">\n    <span class=\"line\" style=\"background-color:#00b0e7;\"><\/span>\n    <div class=\"qode-workflow-item-inner \">\n        <div class=\"qode-workflow-image center\">\n            <img decoding=\"async\" width=\"400\" height=\"400\" src=\"https:\/\/tmfop.com\/wp-content\/uploads\/2020\/12\/Pictogramme-flexibilite-transport.png\" class=\"attachment-full size-full\" alt=\"flexibilit\u00e9 transport\" srcset=\"https:\/\/tmfop.com\/wp-content\/uploads\/2020\/12\/Pictogramme-flexibilite-transport.png 400w, https:\/\/tmfop.com\/wp-content\/uploads\/2020\/12\/Pictogramme-flexibilite-transport-300x300.png 300w, https:\/\/tmfop.com\/wp-content\/uploads\/2020\/12\/Pictogramme-flexibilite-transport-150x150.png 150w\" sizes=\"(max-width: 400px) 100vw, 400px\" \/>        <\/div>\n        <div class=\"qode-workflow-text\">\n            <span class=\"circle\" style=\"border-color:#00b0e7;background-color:#00b0e7;\"><\/span>\n                            <h3>Flexibility<\/h3>\n                                                    <p class=\"text\">We can promptly handle increases in volume, but also scale down our offer if necessary. The number of transport services available is managed and adapted according to your needs.<\/p>\n                    <\/div>\n    <\/div>\n<\/div><div class=\"qode-workflow-item\">\n    <span class=\"line\" style=\"background-color:#00b0e7;\"><\/span>\n    <div class=\"qode-workflow-item-inner \">\n        <div class=\"qode-workflow-image center\">\n            <img decoding=\"async\" width=\"400\" height=\"400\" src=\"https:\/\/tmfop.com\/wp-content\/uploads\/2020\/12\/Pictogramme-reactivite.png\" class=\"attachment-full size-full\" alt=\"r\u00e9activit\u00e9\" srcset=\"https:\/\/tmfop.com\/wp-content\/uploads\/2020\/12\/Pictogramme-reactivite.png 400w, https:\/\/tmfop.com\/wp-content\/uploads\/2020\/12\/Pictogramme-reactivite-300x300.png 300w, https:\/\/tmfop.com\/wp-content\/uploads\/2020\/12\/Pictogramme-reactivite-150x150.png 150w\" sizes=\"(max-width: 400px) 100vw, 400px\" \/>        <\/div>\n        <div class=\"qode-workflow-text\">\n            <span class=\"circle\" style=\"border-color:#00b0e7;background-color:#00b0e7;\"><\/span>\n                            <h3>Responsiveness<\/h3>\n                                                    <p class=\"text\">We assist with our customers\u2019 daily challenges as quickly as possible, providing maximum comfort and saving them time. Our aim is to help our customers focus on their primary activities.<\/p>\n                    <\/div>\n    <\/div>\n<\/div><div class=\"qode-workflow-item\">\n    <span class=\"line\" style=\"background-color:#00b0e7;\"><\/span>\n    <div class=\"qode-workflow-item-inner \">\n        <div class=\"qode-workflow-image center\">\n            <img decoding=\"async\" width=\"400\" height=\"400\" src=\"https:\/\/tmfop.com\/wp-content\/uploads\/2020\/12\/Pictogramme-environnement-transport.png\" class=\"attachment-full size-full\" alt=\"environnement transport\" srcset=\"https:\/\/tmfop.com\/wp-content\/uploads\/2020\/12\/Pictogramme-environnement-transport.png 400w, https:\/\/tmfop.com\/wp-content\/uploads\/2020\/12\/Pictogramme-environnement-transport-300x300.png 300w, https:\/\/tmfop.com\/wp-content\/uploads\/2020\/12\/Pictogramme-environnement-transport-150x150.png 150w\" sizes=\"(max-width: 400px) 100vw, 400px\" \/>        <\/div>\n        <div class=\"qode-workflow-text\">\n            <span class=\"circle\" style=\"border-color:#00b0e7;background-color:#00b0e7;\"><\/span>\n                            <h3>The environment<\/h3>\n                                                    <p class=\"text\">By supporting our carriers with energy-efficient driving practices, and employing shared transport solutions whereby we avoid unladen journeys and empty returns, we actively reduce our carbon footprint.<\/p>\n                    <\/div>\n    <\/div>\n<\/div><div class=\"qode-workflow-item\">\n    <span class=\"line\" style=\"background-color:#00b0e7;\"><\/span>\n    <div class=\"qode-workflow-item-inner \">\n        <div class=\"qode-workflow-image center\">\n            <img decoding=\"async\" width=\"400\" height=\"400\" src=\"https:\/\/tmfop.com\/wp-content\/uploads\/2020\/12\/Pictogramme-securite-transport.png\" class=\"attachment-full size-full\" alt=\"transport s\u00e9curis\u00e9\" srcset=\"https:\/\/tmfop.com\/wp-content\/uploads\/2020\/12\/Pictogramme-securite-transport.png 400w, https:\/\/tmfop.com\/wp-content\/uploads\/2020\/12\/Pictogramme-securite-transport-300x300.png 300w, https:\/\/tmfop.com\/wp-content\/uploads\/2020\/12\/Pictogramme-securite-transport-150x150.png 150w\" sizes=\"(max-width: 400px) 100vw, 400px\" \/>        <\/div>\n        <div class=\"qode-workflow-text\">\n            <span class=\"circle\" style=\"border-color:#00b0e7;background-color:#00b0e7;\"><\/span>\n                            <h3>Safety and Security<\/h3>\n                                                    <p class=\"text\">We provide constant support, conform with our customers\u2019 specifications, and comply with even the most rigorous standards.<\/p>\n                    <\/div>\n    <\/div>\n<\/div><\/div>[\/vc_column][\/vc_row][vc_row css_animation=&#8221;&#8221; row_type=&#8221;row&#8221; use_row_as_full_screen_section=&#8221;no&#8221; type=&#8221;grid&#8221; angled_section=&#8221;no&#8221; text_align=&#8221;left&#8221; background_image_as_pattern=&#8221;without_pattern&#8221; z_index=&#8221;&#8221; el_class=&#8221;pb4 pt4 btm&#8221;][vc_column width=&#8221;1\/4&#8243; offset=&#8221;vc_col-xs-6&#8243; el_class=&#8221;pr6 pl6 bpi mb2&#8243;][vc_single_image image=&#8221;1869&#8243; img_size=&#8221;full&#8221; alignment=&#8221;center&#8221; qode_css_animation=&#8221;&#8221;][\/vc_column][vc_column width=&#8221;1\/4&#8243; offset=&#8221;vc_col-xs-6&#8243; el_class=&#8221;right_section eti mb2&#8243;][vc_single_image image=&#8221;1870&#8243; img_size=&#8221;full&#8221; alignment=&#8221;center&#8221; qode_css_animation=&#8221;&#8221;][\/vc_column][vc_column width=&#8221;1\/2&#8243; el_class=&#8221;align_center&#8221; offset=&#8221;vc_col-xs-12&#8243;][vc_column_text]<\/p>\n<h2>TMFOP and the BPI public investment bank network<\/h2>\n<p>TMFOP is a member of both the \u201cBPI Excellence\u201d public investment bank network (4000 French companies) and the \u201cBPI Acc\u00e9l\u00e9rateur National 2020\u201d Booster Campaign in France (25 French mid-sized companies)[\/vc_column_text][\/vc_column][\/vc_row]<\/p>\n<\/div>","protected":false},"excerpt":{"rendered":"<p>[vc_row css_animation=&#8221;&#8221; row_type=&#8221;row&#8221; use_row_as_full_screen_section=&#8221;no&#8221; type=&#8221;grid&#8221; angled_section=&#8221;no&#8221; text_align=&#8221;left&#8221; background_image_as_pattern=&#8221;without_pattern&#8221; z_index=&#8221;&#8221; background_image=&#8221;1725&#8243; el_class=&#8221;overlay_dark shapebottom headpage&#8221;][vc_column width=&#8221;7\/12&#8243;][vc_column_text el_class=&#8221;white&#8221;]About TMFOP Organising road transport across France and Europe TMFOP is a freight forwarder that combines its expertise in road freight transport with new digital solutions to achieve better operational efficiency.[\/vc_column_text][\/vc_column][\/vc_row][vc_row&#8230;<\/p>\n","protected":false},"author":2,"featured_media":1887,"parent":0,"menu_order":4,"comment_status":"closed","ping_status":"closed","template":"full_width.php","meta":{"footnotes":""},"class_list":["post-1916","page","type-page","status-publish","has-post-thumbnail","hentry"],"yoast_head":"<!-- This site is optimized with the Yoast SEO plugin v26.6 - https:\/\/yoast.com\/wordpress\/plugins\/seo\/ -->\n<title>Organising road transport across France and Europe | TMFOP<\/title>\n<meta name=\"description\" content=\"TMFOP specialises in the organisation of road transport of palletised goods in France and Europe.\" \/>\n<meta name=\"robots\" content=\"index, follow, max-snippet:-1, max-image-preview:large, max-video-preview:-1\" \/>\n<link rel=\"canonical\" href=\"https:\/\/tmfop.com\/en\/europe-road-transport-organiser\/\" \/>\n<meta property=\"og:locale\" content=\"en_US\" \/>\n<meta property=\"og:type\" content=\"article\" \/>\n<meta property=\"og:title\" content=\"Organising road transport across France and Europe | TMFOP\" \/>\n<meta property=\"og:description\" content=\"TMFOP specialises in the organisation of road transport of palletised goods in France and Europe.\" \/>\n<meta property=\"og:url\" content=\"https:\/\/tmfop.com\/en\/europe-road-transport-organiser\/\" \/>\n<meta property=\"og:site_name\" content=\"TMFOP\" \/>\n<meta property=\"article:modified_time\" content=\"2024-05-28T08:59:06+00:00\" \/>\n<meta property=\"og:image\" content=\"https:\/\/tmfop.com\/wp-content\/uploads\/2020\/12\/organisateur-transport-routier-europe.jpg\" \/>\n\t<meta property=\"og:image:width\" content=\"1920\" \/>\n\t<meta property=\"og:image:height\" content=\"1280\" \/>\n\t<meta property=\"og:image:type\" content=\"image\/jpeg\" \/>\n<meta name=\"twitter:card\" content=\"summary_large_image\" \/>\n<meta name=\"twitter:label1\" content=\"Est. reading time\" \/>\n\t<meta name=\"twitter:data1\" content=\"4 minutes\" \/>\n<script type=\"application\/ld+json\" class=\"yoast-schema-graph\">{\"@context\":\"https:\/\/schema.org\",\"@graph\":[{\"@type\":\"WebPage\",\"@id\":\"https:\/\/tmfop.com\/en\/europe-road-transport-organiser\/\",\"url\":\"https:\/\/tmfop.com\/en\/europe-road-transport-organiser\/\",\"name\":\"Organising road transport across France and Europe | TMFOP\",\"isPartOf\":{\"@id\":\"https:\/\/tmfop.com\/en\/#website\"},\"primaryImageOfPage\":{\"@id\":\"https:\/\/tmfop.com\/en\/europe-road-transport-organiser\/#primaryimage\"},\"image\":{\"@id\":\"https:\/\/tmfop.com\/en\/europe-road-transport-organiser\/#primaryimage\"},\"thumbnailUrl\":\"https:\/\/tmfop.com\/wp-content\/uploads\/2020\/12\/organisateur-transport-routier-europe.jpg\",\"datePublished\":\"2020-07-29T12:21:46+00:00\",\"dateModified\":\"2024-05-28T08:59:06+00:00\",\"description\":\"TMFOP specialises in the organisation of road transport of palletised goods in France and Europe.\",\"breadcrumb\":{\"@id\":\"https:\/\/tmfop.com\/en\/europe-road-transport-organiser\/#breadcrumb\"},\"inLanguage\":\"en-US\",\"potentialAction\":[{\"@type\":\"ReadAction\",\"target\":[\"https:\/\/tmfop.com\/en\/europe-road-transport-organiser\/\"]}]},{\"@type\":\"ImageObject\",\"inLanguage\":\"en-US\",\"@id\":\"https:\/\/tmfop.com\/en\/europe-road-transport-organiser\/#primaryimage\",\"url\":\"https:\/\/tmfop.com\/wp-content\/uploads\/2020\/12\/organisateur-transport-routier-europe.jpg\",\"contentUrl\":\"https:\/\/tmfop.com\/wp-content\/uploads\/2020\/12\/organisateur-transport-routier-europe.jpg\",\"width\":1920,\"height\":1280,\"caption\":\"Highway as seen from above\"},{\"@type\":\"BreadcrumbList\",\"@id\":\"https:\/\/tmfop.com\/en\/europe-road-transport-organiser\/#breadcrumb\",\"itemListElement\":[{\"@type\":\"ListItem\",\"position\":1,\"name\":\"Accueil\",\"item\":\"https:\/\/tmfop.com\/en\/\"},{\"@type\":\"ListItem\",\"position\":2,\"name\":\"About us\"}]},{\"@type\":\"WebSite\",\"@id\":\"https:\/\/tmfop.com\/en\/#website\",\"url\":\"https:\/\/tmfop.com\/en\/\",\"name\":\"TMFOP\",\"description\":\"Transport, Beyond\",\"publisher\":{\"@id\":\"https:\/\/tmfop.com\/en\/#organization\"},\"potentialAction\":[{\"@type\":\"SearchAction\",\"target\":{\"@type\":\"EntryPoint\",\"urlTemplate\":\"https:\/\/tmfop.com\/en\/?s={search_term_string}\"},\"query-input\":{\"@type\":\"PropertyValueSpecification\",\"valueRequired\":true,\"valueName\":\"search_term_string\"}}],\"inLanguage\":\"en-US\"},{\"@type\":\"Organization\",\"@id\":\"https:\/\/tmfop.com\/en\/#organization\",\"name\":\"TMFOP\",\"url\":\"https:\/\/tmfop.com\/en\/\",\"logo\":{\"@type\":\"ImageObject\",\"inLanguage\":\"en-US\",\"@id\":\"https:\/\/tmfop.com\/en\/#\/schema\/logo\/image\/\",\"url\":\"https:\/\/tmfop.com\/wp-content\/uploads\/2020\/11\/Logo-TMFOP-transport-palette-europe-720.jpg\",\"contentUrl\":\"https:\/\/tmfop.com\/wp-content\/uploads\/2020\/11\/Logo-TMFOP-transport-palette-europe-720.jpg\",\"width\":720,\"height\":183,\"caption\":\"TMFOP\"},\"image\":{\"@id\":\"https:\/\/tmfop.com\/en\/#\/schema\/logo\/image\/\"}}]}<\/script>\n<!-- \/ Yoast SEO plugin. -->","yoast_head_json":{"title":"Organising road transport across France and Europe | TMFOP","description":"TMFOP specialises in the organisation of road transport of palletised goods in France and Europe.","robots":{"index":"index","follow":"follow","max-snippet":"max-snippet:-1","max-image-preview":"max-image-preview:large","max-video-preview":"max-video-preview:-1"},"canonical":"https:\/\/tmfop.com\/en\/europe-road-transport-organiser\/","og_locale":"en_US","og_type":"article","og_title":"Organising road transport across France and Europe | TMFOP","og_description":"TMFOP specialises in the organisation of road transport of palletised goods in France and Europe.","og_url":"https:\/\/tmfop.com\/en\/europe-road-transport-organiser\/","og_site_name":"TMFOP","article_modified_time":"2024-05-28T08:59:06+00:00","og_image":[{"width":1920,"height":1280,"url":"https:\/\/tmfop.com\/wp-content\/uploads\/2020\/12\/organisateur-transport-routier-europe.jpg","type":"image\/jpeg"}],"twitter_card":"summary_large_image","twitter_misc":{"Est. reading time":"4 minutes"},"schema":{"@context":"https:\/\/schema.org","@graph":[{"@type":"WebPage","@id":"https:\/\/tmfop.com\/en\/europe-road-transport-organiser\/","url":"https:\/\/tmfop.com\/en\/europe-road-transport-organiser\/","name":"Organising road transport across France and Europe | TMFOP","isPartOf":{"@id":"https:\/\/tmfop.com\/en\/#website"},"primaryImageOfPage":{"@id":"https:\/\/tmfop.com\/en\/europe-road-transport-organiser\/#primaryimage"},"image":{"@id":"https:\/\/tmfop.com\/en\/europe-road-transport-organiser\/#primaryimage"},"thumbnailUrl":"https:\/\/tmfop.com\/wp-content\/uploads\/2020\/12\/organisateur-transport-routier-europe.jpg","datePublished":"2020-07-29T12:21:46+00:00","dateModified":"2024-05-28T08:59:06+00:00","description":"TMFOP specialises in the organisation of road transport of palletised goods in France and Europe.","breadcrumb":{"@id":"https:\/\/tmfop.com\/en\/europe-road-transport-organiser\/#breadcrumb"},"inLanguage":"en-US","potentialAction":[{"@type":"ReadAction","target":["https:\/\/tmfop.com\/en\/europe-road-transport-organiser\/"]}]},{"@type":"ImageObject","inLanguage":"en-US","@id":"https:\/\/tmfop.com\/en\/europe-road-transport-organiser\/#primaryimage","url":"https:\/\/tmfop.com\/wp-content\/uploads\/2020\/12\/organisateur-transport-routier-europe.jpg","contentUrl":"https:\/\/tmfop.com\/wp-content\/uploads\/2020\/12\/organisateur-transport-routier-europe.jpg","width":1920,"height":1280,"caption":"Highway as seen from above"},{"@type":"BreadcrumbList","@id":"https:\/\/tmfop.com\/en\/europe-road-transport-organiser\/#breadcrumb","itemListElement":[{"@type":"ListItem","position":1,"name":"Accueil","item":"https:\/\/tmfop.com\/en\/"},{"@type":"ListItem","position":2,"name":"About us"}]},{"@type":"WebSite","@id":"https:\/\/tmfop.com\/en\/#website","url":"https:\/\/tmfop.com\/en\/","name":"TMFOP","description":"Transport, Beyond","publisher":{"@id":"https:\/\/tmfop.com\/en\/#organization"},"potentialAction":[{"@type":"SearchAction","target":{"@type":"EntryPoint","urlTemplate":"https:\/\/tmfop.com\/en\/?s={search_term_string}"},"query-input":{"@type":"PropertyValueSpecification","valueRequired":true,"valueName":"search_term_string"}}],"inLanguage":"en-US"},{"@type":"Organization","@id":"https:\/\/tmfop.com\/en\/#organization","name":"TMFOP","url":"https:\/\/tmfop.com\/en\/","logo":{"@type":"ImageObject","inLanguage":"en-US","@id":"https:\/\/tmfop.com\/en\/#\/schema\/logo\/image\/","url":"https:\/\/tmfop.com\/wp-content\/uploads\/2020\/11\/Logo-TMFOP-transport-palette-europe-720.jpg","contentUrl":"https:\/\/tmfop.com\/wp-content\/uploads\/2020\/11\/Logo-TMFOP-transport-palette-europe-720.jpg","width":720,"height":183,"caption":"TMFOP"},"image":{"@id":"https:\/\/tmfop.com\/en\/#\/schema\/logo\/image\/"}}]}},"_links":{"self":[{"href":"https:\/\/tmfop.com\/en\/wp-json\/wp\/v2\/pages\/1916","targetHints":{"allow":["GET"]}}],"collection":[{"href":"https:\/\/tmfop.com\/en\/wp-json\/wp\/v2\/pages"}],"about":[{"href":"https:\/\/tmfop.com\/en\/wp-json\/wp\/v2\/types\/page"}],"author":[{"embeddable":true,"href":"https:\/\/tmfop.com\/en\/wp-json\/wp\/v2\/users\/2"}],"replies":[{"embeddable":true,"href":"https:\/\/tmfop.com\/en\/wp-json\/wp\/v2\/comments?post=1916"}],"version-history":[{"count":41,"href":"https:\/\/tmfop.com\/en\/wp-json\/wp\/v2\/pages\/1916\/revisions"}],"predecessor-version":[{"id":2614,"href":"https:\/\/tmfop.com\/en\/wp-json\/wp\/v2\/pages\/1916\/revisions\/2614"}],"wp:featuredmedia":[{"embeddable":true,"href":"https:\/\/tmfop.com\/en\/wp-json\/wp\/v2\/media\/1887"}],"wp:attachment":[{"href":"https:\/\/tmfop.com\/en\/wp-json\/wp\/v2\/media?parent=1916"}],"curies":[{"name":"wp","href":"https:\/\/api.w.org\/{rel}","templated":true}]}}